{"id":80,"date":"2021-03-09T13:35:30","date_gmt":"2021-03-09T12:35:30","guid":{"rendered":"http:\/\/reisenundsprachen.de\/?page_id=80"},"modified":"2021-05-31T17:45:24","modified_gmt":"2021-05-31T15:45:24","slug":"guia-de-viajes","status":"publish","type":"page","link":"https:\/\/reisenundsprachen.de\/es\/guia-de-viajes\/","title":{"rendered":"Gu\u00eda de viajes"},"content":{"rendered":"<ul>\n<li>\n<h2>\u00a0<span lang=\"es-ES\"><span lang=\"es-ES\">Amplia experiencia como gu\u00eda de viajes:<\/span><\/span><\/h2>\n<p style=\"text-align: justify;\"><span lang=\"es-ES\"><span lang=\"es-ES\">Gu\u00eda de viajes para clientes internacionales de cruceros en sus excursiones AIDA, Queen Mary 2, Voyager of the seas, Mein Schiff\u2026).<\/span><\/span><\/p>\n<p><div id=\"attachment_444\" style=\"width: 310px\" class=\"wp-caption aligncenter\"><a href=\"http:\/\/reisenundsprachen.de\/wp-content\/uploads\/2015\/03\/La-bajada-de-Volcano..jpg\"><img loading=\"lazy\" decoding=\"async\" aria-describedby=\"caption-attachment-444\" class=\"size-medium wp-image-444\" src=\"http:\/\/reisenundsprachen.de\/wp-content\/uploads\/2015\/03\/La-bajada-de-Volcano.-300x222.jpg\" alt=\"Las Islas Eolias.\" width=\"300\" height=\"222\" srcset=\"https:\/\/reisenundsprachen.de\/wp-content\/uploads\/2015\/03\/La-bajada-de-Volcano.-300x222.jpg 300w, https:\/\/reisenundsprachen.de\/wp-content\/uploads\/2015\/03\/La-bajada-de-Volcano.-676x501.jpg 676w, https:\/\/reisenundsprachen.de\/wp-content\/uploads\/2015\/03\/La-bajada-de-Volcano..jpg 969w\" sizes=\"auto, (max-width: 300px) 100vw, 300px\" \/><\/a><p id=\"caption-attachment-444\" class=\"wp-caption-text\">Naturaleza y deporte.<\/p><\/div><\/li>\n<li>\n<h2><span lang=\"es-ES\">Amplia experiencia como gu\u00eda de viajes:<\/span><\/h2>\n<p style=\"text-align: justify;\"><span lang=\"es-ES\">Gu\u00eda de viajes para viajes activos de senderismo, en bicicleta o rutas en autob\u00fas (Wikinger Reisen GmbH, Studiosus Reisen, Explore Worldwide Ltd., NaturBike S.L., Blau Mar\u00ed Travel Services Spain, etc.). <\/span><\/p>\n<\/li>\n<\/ul>\n<div id=\"attachment_410\" style=\"width: 310px\" class=\"wp-caption aligncenter\"><a href=\"http:\/\/reisenundsprachen.de\/wp-content\/uploads\/2015\/04\/Gruppenbild-in-Lipari..jpg\"><img loading=\"lazy\" decoding=\"async\" aria-describedby=\"caption-attachment-410\" class=\"wp-image-410 size-medium\" src=\"http:\/\/reisenundsprachen.de\/wp-content\/uploads\/2015\/04\/Gruppenbild-in-Lipari.-300x298.jpg\" alt=\"Visita guiada a las Islas Eolias.\" width=\"300\" height=\"298\" srcset=\"https:\/\/reisenundsprachen.de\/wp-content\/uploads\/2015\/04\/Gruppenbild-in-Lipari.-300x298.jpg 300w, https:\/\/reisenundsprachen.de\/wp-content\/uploads\/2015\/04\/Gruppenbild-in-Lipari.-150x150.jpg 150w, https:\/\/reisenundsprachen.de\/wp-content\/uploads\/2015\/04\/Gruppenbild-in-Lipari.-676x670.jpg 676w, https:\/\/reisenundsprachen.de\/wp-content\/uploads\/2015\/04\/Gruppenbild-in-Lipari..jpg 729w\" sizes=\"auto, (max-width: 300px) 100vw, 300px\" \/><\/a><p id=\"caption-attachment-410\" class=\"wp-caption-text\">Guia y grupo en Lipari. Volcanes y cultura.<\/p><\/div>\n<ul>\n<li>\n<h2><span lang=\"es-ES\">Amplia experiencia como gu\u00eda de viajes:<\/span><\/h2>\n<p style=\"text-align: justify;\"><span lang=\"es-ES\"><span lang=\"es-ES\">Actualmente viajo con grupos en Alemania, Espa\u00f1a, Portugal, Austria, Suiza, Italia y Polonia (Studiosus Reisen,\u00a0 NaturBike S.L., Eberhardt Travel GmbH, Leistner Reisen GmbH, eat-the-world GmbH\u2026).<\/span><\/span><\/p>\n<p><div id=\"attachment_425\" style=\"width: 310px\" class=\"wp-caption aligncenter\"><a href=\"http:\/\/reisenundsprachen.de\/wp-content\/uploads\/2015\/04\/Gruppenbild-mit-Stromboli-im-Hintergrund.jpg\"><img loading=\"lazy\" decoding=\"async\" aria-describedby=\"caption-attachment-425\" class=\"size-medium wp-image-425\" src=\"http:\/\/reisenundsprachen.de\/wp-content\/uploads\/2015\/04\/Gruppenbild-mit-Stromboli-im-Hintergrund-300x225.jpg\" alt=\"Guia de viajes en Dresde, Alemania y Europa.\" width=\"300\" height=\"225\" srcset=\"https:\/\/reisenundsprachen.de\/wp-content\/uploads\/2015\/04\/Gruppenbild-mit-Stromboli-im-Hintergrund-300x225.jpg 300w, https:\/\/reisenundsprachen.de\/wp-content\/uploads\/2015\/04\/Gruppenbild-mit-Stromboli-im-Hintergrund-1024x768.jpg 1024w, https:\/\/reisenundsprachen.de\/wp-content\/uploads\/2015\/04\/Gruppenbild-mit-Stromboli-im-Hintergrund-676x507.jpg 676w, https:\/\/reisenundsprachen.de\/wp-content\/uploads\/2015\/04\/Gruppenbild-mit-Stromboli-im-Hintergrund.jpg 1200w\" sizes=\"auto, (max-width: 300px) 100vw, 300px\" \/><\/a><p id=\"caption-attachment-425\" class=\"wp-caption-text\">Visita guiada a Stromboli. Uno de los volcanes m\u00e1s activos del mundo.<\/p><\/div><\/li>\n<li>\n<h2><span lang=\"es-ES\">Amplia experiencia como gu\u00eda de viajes:<\/span><\/h2>\n<p style=\"text-align: justify;\">O<span lang=\"es-ES\">frezco visitas guiadas en la ciudad de Dresde (Alemania) y sus alrededores. \u00bfLe apetece descubrir la ciudad tanto a pie, como en bicicleta, en autob\u00fas, en globo, Segway, en coches hist\u00f3ricos de la antigua RDA<\/span> <span lang=\"es-ES\"><span lang=\"es-ES\">o incluso en barco? \u00a1Entonces no lodude y p\u00f3ngase en contacto con migo!<\/span><\/span><\/p>\n<p><div id=\"attachment_395\" style=\"width: 229px\" class=\"wp-caption aligncenter\"><a href=\"http:\/\/reisenundsprachen.de\/wp-content\/uploads\/2015\/04\/Kulinarisch-kulturelle-Stadtf\u00fchrung-in-Dresden1.jpg\"><img loading=\"lazy\" decoding=\"async\" aria-describedby=\"caption-attachment-395\" class=\"size-medium wp-image-395\" src=\"http:\/\/reisenundsprachen.de\/wp-content\/uploads\/2015\/04\/Kulinarisch-kulturelle-Stadtf\u00fchrung-in-Dresden1-219x300.jpg\" alt=\"Guia en Dresde, Alemania y Europa.\" width=\"219\" height=\"300\" srcset=\"https:\/\/reisenundsprachen.de\/wp-content\/uploads\/2015\/04\/Kulinarisch-kulturelle-Stadtf\u00fchrung-in-Dresden1-219x300.jpg 219w, https:\/\/reisenundsprachen.de\/wp-content\/uploads\/2015\/04\/Kulinarisch-kulturelle-Stadtf\u00fchrung-in-Dresden1-748x1024.jpg 748w, https:\/\/reisenundsprachen.de\/wp-content\/uploads\/2015\/04\/Kulinarisch-kulturelle-Stadtf\u00fchrung-in-Dresden1-676x926.jpg 676w, https:\/\/reisenundsprachen.de\/wp-content\/uploads\/2015\/04\/Kulinarisch-kulturelle-Stadtf\u00fchrung-in-Dresden1.jpg 752w\" sizes=\"auto, (max-width: 219px) 100vw, 219px\" \/><\/a><p id=\"caption-attachment-395\" class=\"wp-caption-text\">La Frauenkirche &#8211; el coraz\u00f3n de Dresde.<\/p><\/div><\/li>\n<li style=\"text-align: justify;\"><span style=\"color: #000000;\"><span lang=\"es-ES\">La concepci\u00f3n de mi trabajo se basa en mostrar con naturalidad las realidades de los pa\u00edses y los lugares con encanto. As\u00ed los viajeros podr\u00e1n descubrir los pa\u00edses con todos sus sentidos y vivir unas experiencias inolvidables.<\/span><\/span><\/li>\n<\/ul>\n<div id=\"attachment_422\" style=\"width: 310px\" class=\"wp-caption aligncenter\"><a href=\"http:\/\/reisenundsprachen.de\/wp-content\/uploads\/2015\/04\/Wer-auf-so-unruhigen-Boden-lebt-kann-jeden-Schutz-gebrauchen3.jpg\"><img loading=\"lazy\" decoding=\"async\" aria-describedby=\"caption-attachment-422\" class=\"wp-image-422 size-medium\" src=\"http:\/\/reisenundsprachen.de\/wp-content\/uploads\/2015\/04\/Wer-auf-so-unruhigen-Boden-lebt-kann-jeden-Schutz-gebrauchen3-300x225.jpg\" alt=\"Guia para Dresde, Alemania y el resto de Europa.\" width=\"300\" height=\"225\" srcset=\"https:\/\/reisenundsprachen.de\/wp-content\/uploads\/2015\/04\/Wer-auf-so-unruhigen-Boden-lebt-kann-jeden-Schutz-gebrauchen3-300x225.jpg 300w, https:\/\/reisenundsprachen.de\/wp-content\/uploads\/2015\/04\/Wer-auf-so-unruhigen-Boden-lebt-kann-jeden-Schutz-gebrauchen3-1024x768.jpg 1024w, https:\/\/reisenundsprachen.de\/wp-content\/uploads\/2015\/04\/Wer-auf-so-unruhigen-Boden-lebt-kann-jeden-Schutz-gebrauchen3-676x507.jpg 676w, https:\/\/reisenundsprachen.de\/wp-content\/uploads\/2015\/04\/Wer-auf-so-unruhigen-Boden-lebt-kann-jeden-Schutz-gebrauchen3.jpg 1200w\" sizes=\"auto, (max-width: 300px) 100vw, 300px\" \/><\/a><p id=\"caption-attachment-422\" class=\"wp-caption-text\">Naturaleza y cultura.<\/p><\/div>\n<h2>Contacto<\/h2>\n<p lang=\"es-ES\"><a title=\"Contacto\" href=\"https:\/\/reisenundsprachen.de\/es\/contacto\/\">No dude en ponerse en contacto conmigo para recibir cualquier tipo de informaci\u00f3n<\/a>.<\/p>\n<p lang=\"es-ES\">Mobil: +49 (0)176 \u2013\u00a0 81 787 643<br \/>\nE-Mail: <a title=\"Infos und Anfragen\" href=\"mailto:info@reisenundsprachen.de\" target=\"_blank\" rel=\"noopener\">info@reisenundsprachen.de<\/a><\/p>\n","protected":false},"excerpt":{"rendered":"<p>\u00a0Amplia experiencia como gu\u00eda de viajes: Gu\u00eda de viajes para clientes internacionales de cruceros en sus excursiones AIDA, Queen Mary 2, Voyager of the seas, Mein Schiff\u2026). Amplia experiencia como gu\u00eda de viajes: Gu\u00eda de viajes para viajes activos de senderismo, en bicicleta o rutas en autob\u00fas (Wikinger Reisen GmbH, Studiosus Reisen, Explore Worldwide Ltd., [&hellip;]<\/p>\n","protected":false},"author":1,"featured_media":0,"parent":0,"menu_order":0,"comment_status":"closed","ping_status":"closed","template":"","meta":{"footnotes":""},"class_list":["post-80","page","type-page","status-publish","hentry","post-preview"],"yoast_head":"<!-- This site is optimized with the Yoast SEO plugin v26.5 - https:\/\/yoast.com\/wordpress\/plugins\/seo\/ -->\n<title>Guia de viajes - espa\u00f1ol, ingl\u00e9s y alem\u00e1n - Dresde, Alemania y Europa<\/title>\n<meta name=\"description\" content=\"Gu\u00eda de viajes - les llevo a descubrir Dresde, Alemania y Europa. En espa\u00f1ol, ingl\u00e9s y alem\u00e1n. Mobil: +49 (0)176 \u2013\u00a0 81 787 643\" \/>\n<meta name=\"robots\" content=\"index, follow, max-snippet:-1, max-image-preview:large, max-video-preview:-1\" \/>\n<link rel=\"canonical\" href=\"https:\/\/reisenundsprachen.de\/es\/guia-de-viajes\/\" \/>\n<meta property=\"og:locale\" content=\"es_ES\" \/>\n<meta property=\"og:type\" content=\"article\" \/>\n<meta property=\"og:title\" content=\"Guia de viajes - espa\u00f1ol, ingl\u00e9s y alem\u00e1n - Dresde, Alemania y Europa\" \/>\n<meta property=\"og:description\" content=\"Gu\u00eda de viajes - les llevo a descubrir Dresde, Alemania y Europa. En espa\u00f1ol, ingl\u00e9s y alem\u00e1n. Mobil: +49 (0)176 \u2013\u00a0 81 787 643\" \/>\n<meta property=\"og:url\" content=\"https:\/\/reisenundsprachen.de\/es\/guia-de-viajes\/\" \/>\n<meta property=\"og:site_name\" content=\"Reisen und Sprachen\" \/>\n<meta property=\"article:modified_time\" content=\"2021-05-31T15:45:24+00:00\" \/>\n<meta property=\"og:image\" content=\"http:\/\/reisenundsprachen.de\/wp-content\/uploads\/2015\/03\/La-bajada-de-Volcano.-300x222.jpg\" \/>\n<meta name=\"twitter:card\" content=\"summary_large_image\" \/>\n<meta name=\"twitter:label1\" content=\"Tiempo de lectura\" \/>\n\t<meta name=\"twitter:data1\" content=\"1 minuto\" \/>\n<script type=\"application\/ld+json\" class=\"yoast-schema-graph\">{\"@context\":\"https:\/\/schema.org\",\"@graph\":[{\"@type\":\"WebPage\",\"@id\":\"https:\/\/reisenundsprachen.de\/es\/guia-de-viajes\/\",\"url\":\"https:\/\/reisenundsprachen.de\/es\/guia-de-viajes\/\",\"name\":\"Guia de viajes - espa\u00f1ol, ingl\u00e9s y alem\u00e1n - Dresde, Alemania y Europa\",\"isPartOf\":{\"@id\":\"https:\/\/reisenundsprachen.de\/#website\"},\"primaryImageOfPage\":{\"@id\":\"https:\/\/reisenundsprachen.de\/es\/guia-de-viajes\/#primaryimage\"},\"image\":{\"@id\":\"https:\/\/reisenundsprachen.de\/es\/guia-de-viajes\/#primaryimage\"},\"thumbnailUrl\":\"http:\/\/reisenundsprachen.de\/wp-content\/uploads\/2015\/03\/La-bajada-de-Volcano.-300x222.jpg\",\"datePublished\":\"2021-03-09T12:35:30+00:00\",\"dateModified\":\"2021-05-31T15:45:24+00:00\",\"description\":\"Gu\u00eda de viajes - les llevo a descubrir Dresde, Alemania y Europa. En espa\u00f1ol, ingl\u00e9s y alem\u00e1n. Mobil: +49 (0)176 \u2013\u00a0 81 787 643\",\"breadcrumb\":{\"@id\":\"https:\/\/reisenundsprachen.de\/es\/guia-de-viajes\/#breadcrumb\"},\"inLanguage\":\"es\",\"potentialAction\":[{\"@type\":\"ReadAction\",\"target\":[\"https:\/\/reisenundsprachen.de\/es\/guia-de-viajes\/\"]}]},{\"@type\":\"ImageObject\",\"inLanguage\":\"es\",\"@id\":\"https:\/\/reisenundsprachen.de\/es\/guia-de-viajes\/#primaryimage\",\"url\":\"http:\/\/reisenundsprachen.de\/wp-content\/uploads\/2015\/03\/La-bajada-de-Volcano.-300x222.jpg\",\"contentUrl\":\"http:\/\/reisenundsprachen.de\/wp-content\/uploads\/2015\/03\/La-bajada-de-Volcano.-300x222.jpg\"},{\"@type\":\"BreadcrumbList\",\"@id\":\"https:\/\/reisenundsprachen.de\/es\/guia-de-viajes\/#breadcrumb\",\"itemListElement\":[{\"@type\":\"ListItem\",\"position\":1,\"name\":\"Home\",\"item\":\"https:\/\/reisenundsprachen.de\/es\/\"},{\"@type\":\"ListItem\",\"position\":2,\"name\":\"Gu\u00eda de viajes\"}]},{\"@type\":\"WebSite\",\"@id\":\"https:\/\/reisenundsprachen.de\/#website\",\"url\":\"https:\/\/reisenundsprachen.de\/\",\"name\":\"Reisen und Sprachen\",\"description\":\"Durch Reisen und Sprachen die Welt verstehen\",\"publisher\":{\"@id\":\"https:\/\/reisenundsprachen.de\/#\/schema\/person\/cf3789d48203f80dad806b9f590ad76c\"},\"potentialAction\":[{\"@type\":\"SearchAction\",\"target\":{\"@type\":\"EntryPoint\",\"urlTemplate\":\"https:\/\/reisenundsprachen.de\/?s={search_term_string}\"},\"query-input\":{\"@type\":\"PropertyValueSpecification\",\"valueRequired\":true,\"valueName\":\"search_term_string\"}}],\"inLanguage\":\"es\"},{\"@type\":[\"Person\",\"Organization\"],\"@id\":\"https:\/\/reisenundsprachen.de\/#\/schema\/person\/cf3789d48203f80dad806b9f590ad76c\",\"name\":\"Bj\u00f6rn Jansen\",\"logo\":{\"@id\":\"https:\/\/reisenundsprachen.de\/#\/schema\/person\/image\/\"},\"sameAs\":[\"http:\/\/reisenundsprachen.de\"]}]}<\/script>\n<!-- \/ Yoast SEO plugin. -->","yoast_head_json":{"title":"Guia de viajes - espa\u00f1ol, ingl\u00e9s y alem\u00e1n - Dresde, Alemania y Europa","description":"Gu\u00eda de viajes - les llevo a descubrir Dresde, Alemania y Europa. En espa\u00f1ol, ingl\u00e9s y alem\u00e1n. Mobil: +49 (0)176 \u2013\u00a0 81 787 643","robots":{"index":"index","follow":"follow","max-snippet":"max-snippet:-1","max-image-preview":"max-image-preview:large","max-video-preview":"max-video-preview:-1"},"canonical":"https:\/\/reisenundsprachen.de\/es\/guia-de-viajes\/","og_locale":"es_ES","og_type":"article","og_title":"Guia de viajes - espa\u00f1ol, ingl\u00e9s y alem\u00e1n - Dresde, Alemania y Europa","og_description":"Gu\u00eda de viajes - les llevo a descubrir Dresde, Alemania y Europa. En espa\u00f1ol, ingl\u00e9s y alem\u00e1n. Mobil: +49 (0)176 \u2013\u00a0 81 787 643","og_url":"https:\/\/reisenundsprachen.de\/es\/guia-de-viajes\/","og_site_name":"Reisen und Sprachen","article_modified_time":"2021-05-31T15:45:24+00:00","og_image":[{"url":"http:\/\/reisenundsprachen.de\/wp-content\/uploads\/2015\/03\/La-bajada-de-Volcano.-300x222.jpg","type":"","width":"","height":""}],"twitter_card":"summary_large_image","twitter_misc":{"Tiempo de lectura":"1 minuto"},"schema":{"@context":"https:\/\/schema.org","@graph":[{"@type":"WebPage","@id":"https:\/\/reisenundsprachen.de\/es\/guia-de-viajes\/","url":"https:\/\/reisenundsprachen.de\/es\/guia-de-viajes\/","name":"Guia de viajes - espa\u00f1ol, ingl\u00e9s y alem\u00e1n - Dresde, Alemania y Europa","isPartOf":{"@id":"https:\/\/reisenundsprachen.de\/#website"},"primaryImageOfPage":{"@id":"https:\/\/reisenundsprachen.de\/es\/guia-de-viajes\/#primaryimage"},"image":{"@id":"https:\/\/reisenundsprachen.de\/es\/guia-de-viajes\/#primaryimage"},"thumbnailUrl":"http:\/\/reisenundsprachen.de\/wp-content\/uploads\/2015\/03\/La-bajada-de-Volcano.-300x222.jpg","datePublished":"2021-03-09T12:35:30+00:00","dateModified":"2021-05-31T15:45:24+00:00","description":"Gu\u00eda de viajes - les llevo a descubrir Dresde, Alemania y Europa. En espa\u00f1ol, ingl\u00e9s y alem\u00e1n. Mobil: +49 (0)176 \u2013\u00a0 81 787 643","breadcrumb":{"@id":"https:\/\/reisenundsprachen.de\/es\/guia-de-viajes\/#breadcrumb"},"inLanguage":"es","potentialAction":[{"@type":"ReadAction","target":["https:\/\/reisenundsprachen.de\/es\/guia-de-viajes\/"]}]},{"@type":"ImageObject","inLanguage":"es","@id":"https:\/\/reisenundsprachen.de\/es\/guia-de-viajes\/#primaryimage","url":"http:\/\/reisenundsprachen.de\/wp-content\/uploads\/2015\/03\/La-bajada-de-Volcano.-300x222.jpg","contentUrl":"http:\/\/reisenundsprachen.de\/wp-content\/uploads\/2015\/03\/La-bajada-de-Volcano.-300x222.jpg"},{"@type":"BreadcrumbList","@id":"https:\/\/reisenundsprachen.de\/es\/guia-de-viajes\/#breadcrumb","itemListElement":[{"@type":"ListItem","position":1,"name":"Home","item":"https:\/\/reisenundsprachen.de\/es\/"},{"@type":"ListItem","position":2,"name":"Gu\u00eda de viajes"}]},{"@type":"WebSite","@id":"https:\/\/reisenundsprachen.de\/#website","url":"https:\/\/reisenundsprachen.de\/","name":"Reisen und Sprachen","description":"Durch Reisen und Sprachen die Welt verstehen","publisher":{"@id":"https:\/\/reisenundsprachen.de\/#\/schema\/person\/cf3789d48203f80dad806b9f590ad76c"},"potentialAction":[{"@type":"SearchAction","target":{"@type":"EntryPoint","urlTemplate":"https:\/\/reisenundsprachen.de\/?s={search_term_string}"},"query-input":{"@type":"PropertyValueSpecification","valueRequired":true,"valueName":"search_term_string"}}],"inLanguage":"es"},{"@type":["Person","Organization"],"@id":"https:\/\/reisenundsprachen.de\/#\/schema\/person\/cf3789d48203f80dad806b9f590ad76c","name":"Bj\u00f6rn Jansen","logo":{"@id":"https:\/\/reisenundsprachen.de\/#\/schema\/person\/image\/"},"sameAs":["http:\/\/reisenundsprachen.de"]}]}},"_links":{"self":[{"href":"https:\/\/reisenundsprachen.de\/es\/wp-json\/wp\/v2\/pages\/80\/"}],"collection":[{"href":"https:\/\/reisenundsprachen.de\/es\/wp-json\/wp\/v2\/pages\/"}],"about":[{"href":"https:\/\/reisenundsprachen.de\/es\/wp-json\/wp\/v2\/types\/page\/"}],"author":[{"embeddable":true,"href":"https:\/\/reisenundsprachen.de\/es\/wp-json\/wp\/v2\/users\/1\/"}],"replies":[{"embeddable":true,"href":"https:\/\/reisenundsprachen.de\/es\/wp-json\/wp\/v2\/comments\/?post=80"}],"version-history":[{"count":21,"href":"https:\/\/reisenundsprachen.de\/es\/wp-json\/wp\/v2\/pages\/80\/revisions\/"}],"predecessor-version":[{"id":1484,"href":"https:\/\/reisenundsprachen.de\/es\/wp-json\/wp\/v2\/pages\/80\/revisions\/1484\/"}],"wp:attachment":[{"href":"https:\/\/reisenundsprachen.de\/es\/wp-json\/wp\/v2\/media\/?parent=80"}],"curies":[{"name":"wp","href":"https:\/\/api.w.org\/{rel}","templated":true}]}}