{"id":77,"date":"2021-03-09T13:33:43","date_gmt":"2021-03-09T12:33:43","guid":{"rendered":"http:\/\/reisenundsprachen.de\/?page_id=77"},"modified":"2021-05-31T17:45:52","modified_gmt":"2021-05-31T15:45:52","slug":"interprete","status":"publish","type":"page","link":"https:\/\/reisenundsprachen.de\/es\/interprete\/","title":{"rendered":"Int\u00e9rprete"},"content":{"rendered":"<h2 style=\"text-align: center;\">Int\u00e9rpretaciones y traducciones<\/h2>\n<p><img loading=\"lazy\" decoding=\"async\" class=\"size-medium wp-image-963 aligncenter\" src=\"http:\/\/reisenundsprachen.de\/wp-content\/uploads\/2015\/12\/Gruppe-und-Dolmetscher-vor-dem-Brandenburger-Tor.-300x256.jpg\" alt=\"Gruppe und Dolmetscher vor dem Brandenburger Tor.\" width=\"300\" height=\"256\" srcset=\"https:\/\/reisenundsprachen.de\/wp-content\/uploads\/2015\/12\/Gruppe-und-Dolmetscher-vor-dem-Brandenburger-Tor.-300x256.jpg 300w, https:\/\/reisenundsprachen.de\/wp-content\/uploads\/2015\/12\/Gruppe-und-Dolmetscher-vor-dem-Brandenburger-Tor.-768x656.jpg 768w, https:\/\/reisenundsprachen.de\/wp-content\/uploads\/2015\/12\/Gruppe-und-Dolmetscher-vor-dem-Brandenburger-Tor.-1024x875.jpg 1024w, https:\/\/reisenundsprachen.de\/wp-content\/uploads\/2015\/12\/Gruppe-und-Dolmetscher-vor-dem-Brandenburger-Tor.-676x578.jpg 676w, https:\/\/reisenundsprachen.de\/wp-content\/uploads\/2015\/12\/Gruppe-und-Dolmetscher-vor-dem-Brandenburger-Tor..jpg 1346w\" sizes=\"auto, (max-width: 300px) 100vw, 300px\" \/><\/p>\n<ul>\n<li>\n<h2>Int\u00e9rprete en el sector industrial y t\u00e9cnico:<\/h2>\n<\/li>\n<\/ul>\n<p><span lang=\"es-ES\">Los clientes de este sector son sobre todo del sector de la automoci\u00f3n y de la construcci\u00f3n naval (Volkswagen AG, PSA Peugeot Citro\u00ebn, GKN Driveline, CTAG &#8211; Centro Tecnol\u00f3gico de Automoci\u00f3n de Galicia, Rodman Polyships S.A., etc.).<\/span><\/p>\n<div id=\"attachment_162\" style=\"width: 310px\" class=\"wp-caption aligncenter\"><a href=\"http:\/\/reisenundsprachen.de\/wp-content\/uploads\/2015\/01\/MHKW-Frankfurt-58kleiner.jpg\"><img loading=\"lazy\" decoding=\"async\" aria-describedby=\"caption-attachment-162\" class=\"size-medium wp-image-162\" src=\"http:\/\/reisenundsprachen.de\/wp-content\/uploads\/2015\/01\/MHKW-Frankfurt-58kleiner-300x191.jpg\" alt=\"Int\u00e9rprete de alem\u00e1n, castellano e ingl\u00e9s.\" width=\"300\" height=\"191\" srcset=\"https:\/\/reisenundsprachen.de\/wp-content\/uploads\/2015\/01\/MHKW-Frankfurt-58kleiner-300x191.jpg 300w, https:\/\/reisenundsprachen.de\/wp-content\/uploads\/2015\/01\/MHKW-Frankfurt-58kleiner-1024x651.jpg 1024w, https:\/\/reisenundsprachen.de\/wp-content\/uploads\/2015\/01\/MHKW-Frankfurt-58kleiner-676x429.jpg 676w\" sizes=\"auto, (max-width: 300px) 100vw, 300px\" \/><\/a><p id=\"caption-attachment-162\" class=\"wp-caption-text\">Interpretaci\u00f3n alem\u00e1n &#8211; castellano.<\/p><\/div>\n<ul>\n<li>\n<h2>Int\u00e9rprete en el sector cient\u00edfico<\/h2>\n<\/li>\n<\/ul>\n<p>En este sector trabajo \u2013 entre otros \u2013 con la fundaci\u00f3n de Friedrich Ebert (Friedrich Ebert Stiftung), la Sociedad Alemana para la Cooperaci\u00f3n Internacional (Deutsche Gesellschaft f\u00fcr internationale Zusammenarbeit (GIZ) GmbH), la Universidad de Dresde (Technische Universit\u00e4t Dresden) y con la Sociedad Fraunhofer (Fraunhofer Gesellschaft).<\/p>\n<p lang=\"es-ES\">Tambi\u00e9n realizo labores de acompa\u00f1amiento de delegaciones empresariales en sus viajes de negocios: organizo los viajes y la interpretaci\u00f3n en las reuniones.<\/p>\n<div id=\"attachment_158\" style=\"width: 310px\" class=\"wp-caption aligncenter\"><a href=\"http:\/\/reisenundsprachen.de\/wp-content\/uploads\/2015\/01\/BMU-Dessau-23kleiner.jpg\"><img loading=\"lazy\" decoding=\"async\" aria-describedby=\"caption-attachment-158\" class=\"size-medium wp-image-158\" src=\"http:\/\/reisenundsprachen.de\/wp-content\/uploads\/2015\/01\/BMU-Dessau-23kleiner-300x128.jpg\" alt=\"Interprete en Dresde, Alemania y Europa.\" width=\"300\" height=\"128\" srcset=\"https:\/\/reisenundsprachen.de\/wp-content\/uploads\/2015\/01\/BMU-Dessau-23kleiner-300x128.jpg 300w, https:\/\/reisenundsprachen.de\/wp-content\/uploads\/2015\/01\/BMU-Dessau-23kleiner-1024x438.jpg 1024w, https:\/\/reisenundsprachen.de\/wp-content\/uploads\/2015\/01\/BMU-Dessau-23kleiner-676x289.jpg 676w\" sizes=\"auto, (max-width: 300px) 100vw, 300px\" \/><\/a><p id=\"caption-attachment-158\" class=\"wp-caption-text\">Interpretaci\u00f3n de alem\u00e1n y espa\u00f1ol en Dresde, Alemania y Europa.<\/p><\/div>\n<ul>\n<li>\n<h2>Int\u00e9rprete en el sector tur\u00edstico:<\/h2>\n<\/li>\n<\/ul>\n<p>Comunicaci\u00f3n entre hoteles, restaurantes, museos,&#8230; y agentes de viajes.<\/p>\n<div id=\"attachment_954\" style=\"width: 310px\" class=\"wp-caption aligncenter\"><img loading=\"lazy\" decoding=\"async\" aria-describedby=\"caption-attachment-954\" class=\"wp-image-954 size-medium\" src=\"http:\/\/reisenundsprachen.de\/wp-content\/uploads\/2015\/12\/Dolmetscher-und-Gruppe-vor-300x180.jpg\" alt=\"Dolmetscher und Gruppe.\" width=\"300\" height=\"180\" srcset=\"https:\/\/reisenundsprachen.de\/wp-content\/uploads\/2015\/12\/Dolmetscher-und-Gruppe-vor-300x180.jpg 300w, https:\/\/reisenundsprachen.de\/wp-content\/uploads\/2015\/12\/Dolmetscher-und-Gruppe-vor-768x461.jpg 768w, https:\/\/reisenundsprachen.de\/wp-content\/uploads\/2015\/12\/Dolmetscher-und-Gruppe-vor-1024x614.jpg 1024w, https:\/\/reisenundsprachen.de\/wp-content\/uploads\/2015\/12\/Dolmetscher-und-Gruppe-vor-676x406.jpg 676w\" sizes=\"auto, (max-width: 300px) 100vw, 300px\" \/><p id=\"caption-attachment-954\" class=\"wp-caption-text\">Delegaci\u00f3n de alcaldes de Guatemala e int\u00e9rprete.<\/p><\/div>\n<h2>Contacto<\/h2>\n<p lang=\"es-ES\"><a title=\"Contacto\" href=\"https:\/\/reisenundsprachen.de\/es\/contacto\/\">No dude en ponerse en contacto conmigo para recibir cualquier tipo de informaci\u00f3n<\/a>.<\/p>\n<div id=\"attachment_236\" style=\"width: 183px\" class=\"wp-caption aligncenter\"><img loading=\"lazy\" decoding=\"async\" aria-describedby=\"caption-attachment-236\" class=\" wp-image-236\" src=\"http:\/\/reisenundsprachen.de\/wp-content\/uploads\/2015\/01\/4-247x300.jpg\" alt=\"Int\u00e9rprete y traductor para alem\u00e1n, espa\u00f1ol e Ingl\u00e9s\" width=\"173\" height=\"210\" srcset=\"https:\/\/reisenundsprachen.de\/wp-content\/uploads\/2015\/01\/4-247x300.jpg 247w, https:\/\/reisenundsprachen.de\/wp-content\/uploads\/2015\/01\/4-844x1024.jpg 844w, https:\/\/reisenundsprachen.de\/wp-content\/uploads\/2015\/01\/4-676x820.jpg 676w, https:\/\/reisenundsprachen.de\/wp-content\/uploads\/2015\/01\/4.jpg 1024w\" sizes=\"auto, (max-width: 173px) 100vw, 173px\" \/><p id=\"caption-attachment-236\" class=\"wp-caption-text\">Int\u00e9rprete y traductor para alem\u00e1n, espa\u00f1ol e ingl\u00e9s<\/p><\/div>\n<p>Mobil:<br \/>\nE-Mail: <a title=\"Infos und Anfragen\" href=\"mailto:info@reisenundsprachen.de\" target=\"_blank\" rel=\"noopener\">info@reisenundsprachen.de<\/a><\/p>\n","protected":false},"excerpt":{"rendered":"<p>Int\u00e9rpretaciones y traducciones Int\u00e9rprete en el sector industrial y t\u00e9cnico: Los clientes de este sector son sobre todo del sector de la automoci\u00f3n y de la construcci\u00f3n naval (Volkswagen AG, PSA Peugeot Citro\u00ebn, GKN Driveline, CTAG &#8211; Centro Tecnol\u00f3gico de Automoci\u00f3n de Galicia, Rodman Polyships S.A., etc.). Int\u00e9rprete en el sector cient\u00edfico En este sector [&hellip;]<\/p>\n","protected":false},"author":1,"featured_media":0,"parent":0,"menu_order":0,"comment_status":"closed","ping_status":"closed","template":"","meta":{"footnotes":""},"class_list":["post-77","page","type-page","status-publish","hentry","post-preview"],"yoast_head":"<!-- This site is optimized with the Yoast SEO plugin v26.5 - https:\/\/yoast.com\/wordpress\/plugins\/seo\/ -->\n<title>Int\u00e9rprete para espa\u00f1ol, alem\u00e1n e ingl\u00e9s.<\/title>\n<meta name=\"description\" content=\"Interpretaci\u00f3n en espa\u00f1ol, alem\u00e1n e ingl\u00e9s en Dresde, Alemania y Europa. Experiencia laboral como int\u00e9rprete: amplia e internacional. Competente y fiable.\" \/>\n<meta name=\"robots\" content=\"index, follow, max-snippet:-1, max-image-preview:large, max-video-preview:-1\" \/>\n<link rel=\"canonical\" href=\"https:\/\/reisenundsprachen.de\/es\/interprete\/\" \/>\n<meta property=\"og:locale\" content=\"es_ES\" \/>\n<meta property=\"og:type\" content=\"article\" \/>\n<meta property=\"og:title\" content=\"Int\u00e9rprete para espa\u00f1ol, alem\u00e1n e ingl\u00e9s.\" \/>\n<meta property=\"og:description\" content=\"Interpretaci\u00f3n en espa\u00f1ol, alem\u00e1n e ingl\u00e9s en Dresde, Alemania y Europa. Experiencia laboral como int\u00e9rprete: amplia e internacional. Competente y fiable.\" \/>\n<meta property=\"og:url\" content=\"https:\/\/reisenundsprachen.de\/es\/interprete\/\" \/>\n<meta property=\"og:site_name\" content=\"Reisen und Sprachen\" \/>\n<meta property=\"article:modified_time\" content=\"2021-05-31T15:45:52+00:00\" \/>\n<meta property=\"og:image\" content=\"http:\/\/reisenundsprachen.de\/wp-content\/uploads\/2015\/12\/Gruppe-und-Dolmetscher-vor-dem-Brandenburger-Tor.-300x256.jpg\" \/>\n<meta name=\"twitter:card\" content=\"summary_large_image\" \/>\n<meta name=\"twitter:label1\" content=\"Tiempo de lectura\" \/>\n\t<meta name=\"twitter:data1\" content=\"1 minuto\" \/>\n<script type=\"application\/ld+json\" class=\"yoast-schema-graph\">{\"@context\":\"https:\/\/schema.org\",\"@graph\":[{\"@type\":\"WebPage\",\"@id\":\"https:\/\/reisenundsprachen.de\/es\/interprete\/\",\"url\":\"https:\/\/reisenundsprachen.de\/es\/interprete\/\",\"name\":\"Int\u00e9rprete para espa\u00f1ol, alem\u00e1n e ingl\u00e9s.\",\"isPartOf\":{\"@id\":\"https:\/\/reisenundsprachen.de\/#website\"},\"primaryImageOfPage\":{\"@id\":\"https:\/\/reisenundsprachen.de\/es\/interprete\/#primaryimage\"},\"image\":{\"@id\":\"https:\/\/reisenundsprachen.de\/es\/interprete\/#primaryimage\"},\"thumbnailUrl\":\"http:\/\/reisenundsprachen.de\/wp-content\/uploads\/2015\/12\/Gruppe-und-Dolmetscher-vor-dem-Brandenburger-Tor.-300x256.jpg\",\"datePublished\":\"2021-03-09T12:33:43+00:00\",\"dateModified\":\"2021-05-31T15:45:52+00:00\",\"description\":\"Interpretaci\u00f3n en espa\u00f1ol, alem\u00e1n e ingl\u00e9s en Dresde, Alemania y Europa. Experiencia laboral como int\u00e9rprete: amplia e internacional. Competente y fiable.\",\"breadcrumb\":{\"@id\":\"https:\/\/reisenundsprachen.de\/es\/interprete\/#breadcrumb\"},\"inLanguage\":\"es\",\"potentialAction\":[{\"@type\":\"ReadAction\",\"target\":[\"https:\/\/reisenundsprachen.de\/es\/interprete\/\"]}]},{\"@type\":\"ImageObject\",\"inLanguage\":\"es\",\"@id\":\"https:\/\/reisenundsprachen.de\/es\/interprete\/#primaryimage\",\"url\":\"http:\/\/reisenundsprachen.de\/wp-content\/uploads\/2015\/12\/Gruppe-und-Dolmetscher-vor-dem-Brandenburger-Tor.-300x256.jpg\",\"contentUrl\":\"http:\/\/reisenundsprachen.de\/wp-content\/uploads\/2015\/12\/Gruppe-und-Dolmetscher-vor-dem-Brandenburger-Tor.-300x256.jpg\"},{\"@type\":\"BreadcrumbList\",\"@id\":\"https:\/\/reisenundsprachen.de\/es\/interprete\/#breadcrumb\",\"itemListElement\":[{\"@type\":\"ListItem\",\"position\":1,\"name\":\"Home\",\"item\":\"https:\/\/reisenundsprachen.de\/es\/\"},{\"@type\":\"ListItem\",\"position\":2,\"name\":\"Int\u00e9rprete\"}]},{\"@type\":\"WebSite\",\"@id\":\"https:\/\/reisenundsprachen.de\/#website\",\"url\":\"https:\/\/reisenundsprachen.de\/\",\"name\":\"Reisen und Sprachen\",\"description\":\"Durch Reisen und Sprachen die Welt verstehen\",\"publisher\":{\"@id\":\"https:\/\/reisenundsprachen.de\/#\/schema\/person\/cf3789d48203f80dad806b9f590ad76c\"},\"potentialAction\":[{\"@type\":\"SearchAction\",\"target\":{\"@type\":\"EntryPoint\",\"urlTemplate\":\"https:\/\/reisenundsprachen.de\/?s={search_term_string}\"},\"query-input\":{\"@type\":\"PropertyValueSpecification\",\"valueRequired\":true,\"valueName\":\"search_term_string\"}}],\"inLanguage\":\"es\"},{\"@type\":[\"Person\",\"Organization\"],\"@id\":\"https:\/\/reisenundsprachen.de\/#\/schema\/person\/cf3789d48203f80dad806b9f590ad76c\",\"name\":\"Bj\u00f6rn Jansen\",\"logo\":{\"@id\":\"https:\/\/reisenundsprachen.de\/#\/schema\/person\/image\/\"},\"sameAs\":[\"http:\/\/reisenundsprachen.de\"]}]}<\/script>\n<!-- \/ Yoast SEO plugin. -->","yoast_head_json":{"title":"Int\u00e9rprete para espa\u00f1ol, alem\u00e1n e ingl\u00e9s.","description":"Interpretaci\u00f3n en espa\u00f1ol, alem\u00e1n e ingl\u00e9s en Dresde, Alemania y Europa. Experiencia laboral como int\u00e9rprete: amplia e internacional. Competente y fiable.","robots":{"index":"index","follow":"follow","max-snippet":"max-snippet:-1","max-image-preview":"max-image-preview:large","max-video-preview":"max-video-preview:-1"},"canonical":"https:\/\/reisenundsprachen.de\/es\/interprete\/","og_locale":"es_ES","og_type":"article","og_title":"Int\u00e9rprete para espa\u00f1ol, alem\u00e1n e ingl\u00e9s.","og_description":"Interpretaci\u00f3n en espa\u00f1ol, alem\u00e1n e ingl\u00e9s en Dresde, Alemania y Europa. Experiencia laboral como int\u00e9rprete: amplia e internacional. Competente y fiable.","og_url":"https:\/\/reisenundsprachen.de\/es\/interprete\/","og_site_name":"Reisen und Sprachen","article_modified_time":"2021-05-31T15:45:52+00:00","og_image":[{"url":"http:\/\/reisenundsprachen.de\/wp-content\/uploads\/2015\/12\/Gruppe-und-Dolmetscher-vor-dem-Brandenburger-Tor.-300x256.jpg","type":"","width":"","height":""}],"twitter_card":"summary_large_image","twitter_misc":{"Tiempo de lectura":"1 minuto"},"schema":{"@context":"https:\/\/schema.org","@graph":[{"@type":"WebPage","@id":"https:\/\/reisenundsprachen.de\/es\/interprete\/","url":"https:\/\/reisenundsprachen.de\/es\/interprete\/","name":"Int\u00e9rprete para espa\u00f1ol, alem\u00e1n e ingl\u00e9s.","isPartOf":{"@id":"https:\/\/reisenundsprachen.de\/#website"},"primaryImageOfPage":{"@id":"https:\/\/reisenundsprachen.de\/es\/interprete\/#primaryimage"},"image":{"@id":"https:\/\/reisenundsprachen.de\/es\/interprete\/#primaryimage"},"thumbnailUrl":"http:\/\/reisenundsprachen.de\/wp-content\/uploads\/2015\/12\/Gruppe-und-Dolmetscher-vor-dem-Brandenburger-Tor.-300x256.jpg","datePublished":"2021-03-09T12:33:43+00:00","dateModified":"2021-05-31T15:45:52+00:00","description":"Interpretaci\u00f3n en espa\u00f1ol, alem\u00e1n e ingl\u00e9s en Dresde, Alemania y Europa. Experiencia laboral como int\u00e9rprete: amplia e internacional. Competente y fiable.","breadcrumb":{"@id":"https:\/\/reisenundsprachen.de\/es\/interprete\/#breadcrumb"},"inLanguage":"es","potentialAction":[{"@type":"ReadAction","target":["https:\/\/reisenundsprachen.de\/es\/interprete\/"]}]},{"@type":"ImageObject","inLanguage":"es","@id":"https:\/\/reisenundsprachen.de\/es\/interprete\/#primaryimage","url":"http:\/\/reisenundsprachen.de\/wp-content\/uploads\/2015\/12\/Gruppe-und-Dolmetscher-vor-dem-Brandenburger-Tor.-300x256.jpg","contentUrl":"http:\/\/reisenundsprachen.de\/wp-content\/uploads\/2015\/12\/Gruppe-und-Dolmetscher-vor-dem-Brandenburger-Tor.-300x256.jpg"},{"@type":"BreadcrumbList","@id":"https:\/\/reisenundsprachen.de\/es\/interprete\/#breadcrumb","itemListElement":[{"@type":"ListItem","position":1,"name":"Home","item":"https:\/\/reisenundsprachen.de\/es\/"},{"@type":"ListItem","position":2,"name":"Int\u00e9rprete"}]},{"@type":"WebSite","@id":"https:\/\/reisenundsprachen.de\/#website","url":"https:\/\/reisenundsprachen.de\/","name":"Reisen und Sprachen","description":"Durch Reisen und Sprachen die Welt verstehen","publisher":{"@id":"https:\/\/reisenundsprachen.de\/#\/schema\/person\/cf3789d48203f80dad806b9f590ad76c"},"potentialAction":[{"@type":"SearchAction","target":{"@type":"EntryPoint","urlTemplate":"https:\/\/reisenundsprachen.de\/?s={search_term_string}"},"query-input":{"@type":"PropertyValueSpecification","valueRequired":true,"valueName":"search_term_string"}}],"inLanguage":"es"},{"@type":["Person","Organization"],"@id":"https:\/\/reisenundsprachen.de\/#\/schema\/person\/cf3789d48203f80dad806b9f590ad76c","name":"Bj\u00f6rn Jansen","logo":{"@id":"https:\/\/reisenundsprachen.de\/#\/schema\/person\/image\/"},"sameAs":["http:\/\/reisenundsprachen.de"]}]}},"_links":{"self":[{"href":"https:\/\/reisenundsprachen.de\/es\/wp-json\/wp\/v2\/pages\/77\/"}],"collection":[{"href":"https:\/\/reisenundsprachen.de\/es\/wp-json\/wp\/v2\/pages\/"}],"about":[{"href":"https:\/\/reisenundsprachen.de\/es\/wp-json\/wp\/v2\/types\/page\/"}],"author":[{"embeddable":true,"href":"https:\/\/reisenundsprachen.de\/es\/wp-json\/wp\/v2\/users\/1\/"}],"replies":[{"embeddable":true,"href":"https:\/\/reisenundsprachen.de\/es\/wp-json\/wp\/v2\/comments\/?post=77"}],"version-history":[{"count":19,"href":"https:\/\/reisenundsprachen.de\/es\/wp-json\/wp\/v2\/pages\/77\/revisions\/"}],"predecessor-version":[{"id":1487,"href":"https:\/\/reisenundsprachen.de\/es\/wp-json\/wp\/v2\/pages\/77\/revisions\/1487\/"}],"wp:attachment":[{"href":"https:\/\/reisenundsprachen.de\/es\/wp-json\/wp\/v2\/media\/?parent=77"}],"curies":[{"name":"wp","href":"https:\/\/api.w.org\/{rel}","templated":true}]}}