{"id":38,"date":"2021-01-29T13:46:58","date_gmt":"2021-01-29T12:46:58","guid":{"rendered":"http:\/\/reisenundsprachen.de\/?page_id=38"},"modified":"2021-05-31T17:45:17","modified_gmt":"2021-05-31T15:45:17","slug":"contacto","status":"publish","type":"page","link":"https:\/\/reisenundsprachen.de\/es\/contacto\/","title":{"rendered":"Contacto"},"content":{"rendered":"<div class=\"textwidget\">\n<p>Bj\u00f6rn Jansen<\/p>\n<p>M\u00f3vil: +49(0) 176 &#8211; 81 787 643<br \/>\nE-Mail: <a title=\"Infos und Anfragen\" href=\"mailto:info@reisenundsprachen.de\" target=\"_blank\" rel=\"noopener\">info@reisenundsprachen.de<\/a><\/p>\n<\/div>\n\n<div class=\"wpcf7 no-js\" id=\"wpcf7-f35-o1\" lang=\"es-ES\" dir=\"ltr\" data-wpcf7-id=\"35\">\n<div class=\"screen-reader-response\"><p role=\"status\" aria-live=\"polite\" aria-atomic=\"true\"><\/p> <ul><\/ul><\/div>\n<form action=\"\/es\/wp-json\/wp\/v2\/pages\/38\/#wpcf7-f35-o1\" method=\"post\" class=\"wpcf7-form init\" aria-label=\"Formulario de contacto\" novalidate=\"novalidate\" data-status=\"init\">\n<fieldset class=\"hidden-fields-container\"><input type=\"hidden\" name=\"_wpcf7\" value=\"35\" \/><input type=\"hidden\" name=\"_wpcf7_version\" value=\"6.1.4\" \/><input type=\"hidden\" name=\"_wpcf7_locale\" value=\"es_ES\" \/><input type=\"hidden\" name=\"_wpcf7_unit_tag\" value=\"wpcf7-f35-o1\" \/><input type=\"hidden\" name=\"_wpcf7_container_post\" value=\"0\" \/><input type=\"hidden\" name=\"_wpcf7_posted_data_hash\" value=\"\" \/>\n<\/fieldset>\n<p>Su nombre (requerido)\n<\/p>\n<p><span class=\"wpcf7-form-control-wrap\" data-name=\"your-name\"><input size=\"40\" maxlength=\"400\" class=\"wpcf7-form-control wpcf7-text wpcf7-validates-as-required\" aria-required=\"true\" aria-invalid=\"false\" value=\"\" type=\"text\" name=\"your-name\" \/><\/span>\n<\/p>\n<p>Su e-mail (requerido)\n<\/p>\n<p><span class=\"wpcf7-form-control-wrap\" data-name=\"your-email\"><input size=\"40\" maxlength=\"400\" class=\"wpcf7-form-control wpcf7-email wpcf7-validates-as-required wpcf7-text wpcf7-validates-as-email\" aria-required=\"true\" aria-invalid=\"false\" value=\"\" type=\"email\" name=\"your-email\" \/><\/span>\n<\/p>\n<p>Tel\u00e9fono\n<\/p>\n<p><span class=\"wpcf7-form-control-wrap\" data-name=\"telefono\"><input size=\"40\" maxlength=\"400\" class=\"wpcf7-form-control wpcf7-tel wpcf7-validates-as-required wpcf7-text wpcf7-validates-as-tel\" aria-required=\"true\" aria-invalid=\"false\" value=\"\" type=\"tel\" name=\"telefono\" \/><\/span>\n<\/p>\n<p>Asunto\n<\/p>\n<p><span class=\"wpcf7-form-control-wrap\" data-name=\"your-subject\"><input size=\"40\" maxlength=\"400\" class=\"wpcf7-form-control wpcf7-text\" aria-invalid=\"false\" value=\"\" type=\"text\" name=\"your-subject\" \/><\/span>\n<\/p>\n<p>Su mensaje (requerido)\n<\/p>\n<p><span class=\"wpcf7-form-control-wrap\" data-name=\"your-message\"><textarea cols=\"40\" rows=\"10\" maxlength=\"2000\" class=\"wpcf7-form-control wpcf7-textarea wpcf7-validates-as-required\" aria-required=\"true\" aria-invalid=\"false\" name=\"your-message\"><\/textarea><\/span>\n<\/p>\n<p><span class=\"wpcf7-form-control-wrap kc_captcha\" data-name=\"kc_captcha\"><span class=\"wpcf7-form-control wpcf7-radio\"><span class=\"captcha-image\" ><span class=\"cf7ic_instructions\">Por favor, prueba que eres humano seleccionando el<span> llave<\/span>.<\/span><label><input aria-label=\"1\" type=\"radio\" name=\"kc_captcha\" value=\"bot\" \/><svg aria-hidden=\"true\" role=\"img\" xmlns=\"http:\/\/www.w3.org\/2000\/svg\" viewBox=\"0 0 576 512\"><path fill=\"currentColor\" d=\"M259 18l-65 132-146 22c-26 3-37 36-18 54l106 103-25 146c-5 26 23 46 46 33l131-68 131 68c23 13 51-7 46-33l-25-146 106-103c19-18 8-51-18-54l-146-22-65-132a32 32 0 00-58 0z\"\/><\/svg><\/label><label><input aria-label=\"2\" type=\"radio\" name=\"kc_captcha\" value=\"kc_human\" \/><svg aria-hidden=\"true\" role=\"img\" xmlns=\"http:\/\/www.w3.org\/2000\/svg\" viewBox=\"0 0 512 512\"><path fill=\"currentColor\" d=\"M512 176a176 176 0 01-209 173l-24 27a24 24 0 01-18 8h-37v40c0 13-11 24-24 24h-40v40c0 13-11 24-24 24H24c-13 0-24-11-24-24v-78c0-6 3-13 7-17l162-162a176 176 0 11343-55zm-176-48a48 48 0 1096 0 48 48 0 00-96 0z\"\/><\/svg><\/label><label><input aria-label=\"3\" type=\"radio\" name=\"kc_captcha\" value=\"bot\" \/><svg aria-hidden=\"true\" role=\"img\" xmlns=\"http:\/\/www.w3.org\/2000\/svg\" viewBox=\"0 0 576 512\"><path fill=\"currentColor\" d=\"M472 200H360L256 6a12 12 0 00-10-6h-58c-8 0-14 7-12 15l34 185H100l-35-58a12 12 0 00-10-6H12c-8 0-13 7-12 14l21 106L0 362c-1 7 4 14 12 14h43c4 0 8-2 10-6l35-58h110l-34 185c-2 8 4 15 12 15h58a12 12 0 0010-6l104-194h112c57 0 104-25 104-56s-47-56-104-56z\"\/><\/svg><\/label>\r\n    <\/span>\r\n    <span style=\"display:none\">\r\n        <input type=\"text\" name=\"kc_honeypot\">\r\n    <\/span><\/span><\/span>\n<\/p>\n<div>\n\t<p><span class=\"wpcf7-form-control-wrap\" data-name=\"acceptance-62\"><span class=\"wpcf7-form-control wpcf7-acceptance\"><span class=\"wpcf7-list-item\"><label><input type=\"checkbox\" name=\"acceptance-62\" value=\"1\" aria-invalid=\"false\" \/><span class=\"wpcf7-list-item-label\">Al enviar el formulario de contacto, acepta que sus datos se utilizar\u00e1n para procesar su solicitud (puede encontrar m\u00e1s informaci\u00f3n en la <a href=\"http:\/\/reisenundsprachen.de\/datenschutz\/\">Pol\u00edtica de privacidad<\/a>).<\/span><\/label><\/span><\/span><\/span>\n\t<\/p>\n<\/div>\n<div>\n\t<p>&nbsp;\n\t<\/p>\n<\/div>\n<p><input class=\"wpcf7-form-control wpcf7-submit has-spinner\" type=\"submit\" value=\"Enviar Mensaje\" \/>\n<\/p><div class=\"wpcf7-response-output\" aria-hidden=\"true\"><\/div>\n<\/form>\n<\/div>\n\n","protected":false},"excerpt":{"rendered":"<p>Bj\u00f6rn Jansen M\u00f3vil: +49(0) 176 &#8211; 81 787 643 E-Mail: info@reisenundsprachen.de<\/p>\n","protected":false},"author":1,"featured_media":0,"parent":0,"menu_order":0,"comment_status":"closed","ping_status":"closed","template":"","meta":{"footnotes":""},"class_list":["post-38","page","type-page","status-publish","hentry","post-preview"],"yoast_head":"<!-- This site is optimized with the Yoast SEO plugin v26.5 - https:\/\/yoast.com\/wordpress\/plugins\/seo\/ -->\n<title>Servicios en alem\u00e1n, castellano e ingl\u00e9s.<\/title>\n<meta name=\"description\" content=\"Traducciones, interpretaciones y visitas guiadas en alem\u00e1n, espa\u00f1ol e ingl\u00e9s. En Dresde, Alemania y Europa.\" \/>\n<meta name=\"robots\" content=\"index, follow, max-snippet:-1, max-image-preview:large, max-video-preview:-1\" \/>\n<link rel=\"canonical\" href=\"https:\/\/reisenundsprachen.de\/es\/contacto\/\" \/>\n<meta property=\"og:locale\" content=\"es_ES\" \/>\n<meta property=\"og:type\" content=\"article\" \/>\n<meta property=\"og:title\" content=\"Servicios en alem\u00e1n, castellano e ingl\u00e9s.\" \/>\n<meta property=\"og:description\" content=\"Traducciones, interpretaciones y visitas guiadas en alem\u00e1n, espa\u00f1ol e ingl\u00e9s. En Dresde, Alemania y Europa.\" \/>\n<meta property=\"og:url\" content=\"https:\/\/reisenundsprachen.de\/es\/contacto\/\" \/>\n<meta property=\"og:site_name\" content=\"Reisen und Sprachen\" \/>\n<meta property=\"article:modified_time\" content=\"2021-05-31T15:45:17+00:00\" \/>\n<meta name=\"twitter:card\" content=\"summary_large_image\" \/>\n<script type=\"application\/ld+json\" class=\"yoast-schema-graph\">{\"@context\":\"https:\/\/schema.org\",\"@graph\":[{\"@type\":\"WebPage\",\"@id\":\"https:\/\/reisenundsprachen.de\/es\/contacto\/\",\"url\":\"https:\/\/reisenundsprachen.de\/es\/contacto\/\",\"name\":\"Servicios en alem\u00e1n, castellano e ingl\u00e9s.\",\"isPartOf\":{\"@id\":\"https:\/\/reisenundsprachen.de\/#website\"},\"datePublished\":\"2021-01-29T12:46:58+00:00\",\"dateModified\":\"2021-05-31T15:45:17+00:00\",\"description\":\"Traducciones, interpretaciones y visitas guiadas en alem\u00e1n, espa\u00f1ol e ingl\u00e9s. En Dresde, Alemania y Europa.\",\"breadcrumb\":{\"@id\":\"https:\/\/reisenundsprachen.de\/es\/contacto\/#breadcrumb\"},\"inLanguage\":\"es\",\"potentialAction\":[{\"@type\":\"ReadAction\",\"target\":[\"https:\/\/reisenundsprachen.de\/es\/contacto\/\"]}]},{\"@type\":\"BreadcrumbList\",\"@id\":\"https:\/\/reisenundsprachen.de\/es\/contacto\/#breadcrumb\",\"itemListElement\":[{\"@type\":\"ListItem\",\"position\":1,\"name\":\"Home\",\"item\":\"https:\/\/reisenundsprachen.de\/es\/\"},{\"@type\":\"ListItem\",\"position\":2,\"name\":\"Contacto\"}]},{\"@type\":\"WebSite\",\"@id\":\"https:\/\/reisenundsprachen.de\/#website\",\"url\":\"https:\/\/reisenundsprachen.de\/\",\"name\":\"Reisen und Sprachen\",\"description\":\"Durch Reisen und Sprachen die Welt verstehen\",\"publisher\":{\"@id\":\"https:\/\/reisenundsprachen.de\/#\/schema\/person\/cf3789d48203f80dad806b9f590ad76c\"},\"potentialAction\":[{\"@type\":\"SearchAction\",\"target\":{\"@type\":\"EntryPoint\",\"urlTemplate\":\"https:\/\/reisenundsprachen.de\/?s={search_term_string}\"},\"query-input\":{\"@type\":\"PropertyValueSpecification\",\"valueRequired\":true,\"valueName\":\"search_term_string\"}}],\"inLanguage\":\"es\"},{\"@type\":[\"Person\",\"Organization\"],\"@id\":\"https:\/\/reisenundsprachen.de\/#\/schema\/person\/cf3789d48203f80dad806b9f590ad76c\",\"name\":\"Bj\u00f6rn Jansen\",\"logo\":{\"@id\":\"https:\/\/reisenundsprachen.de\/#\/schema\/person\/image\/\"},\"sameAs\":[\"http:\/\/reisenundsprachen.de\"]}]}<\/script>\n<!-- \/ Yoast SEO plugin. -->","yoast_head_json":{"title":"Servicios en alem\u00e1n, castellano e ingl\u00e9s.","description":"Traducciones, interpretaciones y visitas guiadas en alem\u00e1n, espa\u00f1ol e ingl\u00e9s. En Dresde, Alemania y Europa.","robots":{"index":"index","follow":"follow","max-snippet":"max-snippet:-1","max-image-preview":"max-image-preview:large","max-video-preview":"max-video-preview:-1"},"canonical":"https:\/\/reisenundsprachen.de\/es\/contacto\/","og_locale":"es_ES","og_type":"article","og_title":"Servicios en alem\u00e1n, castellano e ingl\u00e9s.","og_description":"Traducciones, interpretaciones y visitas guiadas en alem\u00e1n, espa\u00f1ol e ingl\u00e9s. En Dresde, Alemania y Europa.","og_url":"https:\/\/reisenundsprachen.de\/es\/contacto\/","og_site_name":"Reisen und Sprachen","article_modified_time":"2021-05-31T15:45:17+00:00","twitter_card":"summary_large_image","schema":{"@context":"https:\/\/schema.org","@graph":[{"@type":"WebPage","@id":"https:\/\/reisenundsprachen.de\/es\/contacto\/","url":"https:\/\/reisenundsprachen.de\/es\/contacto\/","name":"Servicios en alem\u00e1n, castellano e ingl\u00e9s.","isPartOf":{"@id":"https:\/\/reisenundsprachen.de\/#website"},"datePublished":"2021-01-29T12:46:58+00:00","dateModified":"2021-05-31T15:45:17+00:00","description":"Traducciones, interpretaciones y visitas guiadas en alem\u00e1n, espa\u00f1ol e ingl\u00e9s. En Dresde, Alemania y Europa.","breadcrumb":{"@id":"https:\/\/reisenundsprachen.de\/es\/contacto\/#breadcrumb"},"inLanguage":"es","potentialAction":[{"@type":"ReadAction","target":["https:\/\/reisenundsprachen.de\/es\/contacto\/"]}]},{"@type":"BreadcrumbList","@id":"https:\/\/reisenundsprachen.de\/es\/contacto\/#breadcrumb","itemListElement":[{"@type":"ListItem","position":1,"name":"Home","item":"https:\/\/reisenundsprachen.de\/es\/"},{"@type":"ListItem","position":2,"name":"Contacto"}]},{"@type":"WebSite","@id":"https:\/\/reisenundsprachen.de\/#website","url":"https:\/\/reisenundsprachen.de\/","name":"Reisen und Sprachen","description":"Durch Reisen und Sprachen die Welt verstehen","publisher":{"@id":"https:\/\/reisenundsprachen.de\/#\/schema\/person\/cf3789d48203f80dad806b9f590ad76c"},"potentialAction":[{"@type":"SearchAction","target":{"@type":"EntryPoint","urlTemplate":"https:\/\/reisenundsprachen.de\/?s={search_term_string}"},"query-input":{"@type":"PropertyValueSpecification","valueRequired":true,"valueName":"search_term_string"}}],"inLanguage":"es"},{"@type":["Person","Organization"],"@id":"https:\/\/reisenundsprachen.de\/#\/schema\/person\/cf3789d48203f80dad806b9f590ad76c","name":"Bj\u00f6rn Jansen","logo":{"@id":"https:\/\/reisenundsprachen.de\/#\/schema\/person\/image\/"},"sameAs":["http:\/\/reisenundsprachen.de"]}]}},"_links":{"self":[{"href":"https:\/\/reisenundsprachen.de\/es\/wp-json\/wp\/v2\/pages\/38\/"}],"collection":[{"href":"https:\/\/reisenundsprachen.de\/es\/wp-json\/wp\/v2\/pages\/"}],"about":[{"href":"https:\/\/reisenundsprachen.de\/es\/wp-json\/wp\/v2\/types\/page\/"}],"author":[{"embeddable":true,"href":"https:\/\/reisenundsprachen.de\/es\/wp-json\/wp\/v2\/users\/1\/"}],"replies":[{"embeddable":true,"href":"https:\/\/reisenundsprachen.de\/es\/wp-json\/wp\/v2\/comments\/?post=38"}],"version-history":[{"count":3,"href":"https:\/\/reisenundsprachen.de\/es\/wp-json\/wp\/v2\/pages\/38\/revisions\/"}],"predecessor-version":[{"id":1483,"href":"https:\/\/reisenundsprachen.de\/es\/wp-json\/wp\/v2\/pages\/38\/revisions\/1483\/"}],"wp:attachment":[{"href":"https:\/\/reisenundsprachen.de\/es\/wp-json\/wp\/v2\/media\/?parent=38"}],"curies":[{"name":"wp","href":"https:\/\/api.w.org\/{rel}","templated":true}]}}