{"id":17,"date":"2021-01-29T13:04:07","date_gmt":"2021-01-29T12:04:07","guid":{"rendered":"http:\/\/reisenundsprachen.de\/?page_id=17"},"modified":"2021-05-31T17:45:40","modified_gmt":"2021-05-31T15:45:40","slug":"home-2","status":"publish","type":"page","link":"https:\/\/reisenundsprachen.de\/es\/","title":{"rendered":"Home"},"content":{"rendered":"<h2>Bienvenido a la p\u00e1gina Reisen und Sprachen (viajes e idiomas)<\/h2>\n<h2>En las siguientes p\u00e1ginas pueden informarse sobre mis servicios y ofertas:<\/h2>\n<ul>\n<li>\n<h2><a title=\"\u00dcbersetzer\" href=\"http:\/\/reisenundsprachen.de\/uebersetzer\/\"><strong>Traductor<\/strong><\/a><\/h2>\n<p>Traductor para la industria, la ciencia y el turismo. Muchos <span id=\"result_box\" class=\"short_text\" lang=\"es\"><span class=\"hps\">a\u00f1o<\/span><\/span>s de<br \/>\nexperiencia internacional.<\/li>\n<li>\n<h2><a title=\"Dolmetscher\" href=\"http:\/\/reisenundsprachen.de\/dolmetscher\/\"><strong>Int\u00e9rprete<\/strong><\/a><\/h2>\n<p>Int\u00e9rprete para la industria, la ciencia y el turismo. Muchos <span id=\"result_box\" class=\"short_text\" lang=\"es\"><span class=\"hps\">a\u00f1o<\/span><\/span>s de<br \/>\nexperiencia internacional.<\/p>\n<p><div id=\"attachment_158\" style=\"width: 310px\" class=\"wp-caption aligncenter\"><a href=\"http:\/\/reisenundsprachen.de\/wp-content\/uploads\/2015\/01\/BMU-Dessau-23kleiner.jpg\"><img loading=\"lazy\" decoding=\"async\" aria-describedby=\"caption-attachment-158\" class=\"size-medium wp-image-158\" src=\"http:\/\/reisenundsprachen.de\/wp-content\/uploads\/2015\/01\/BMU-Dessau-23kleiner-300x128.jpg\" alt=\"Interprete en Dresde, Alemania y Europa.\" width=\"300\" height=\"128\" srcset=\"https:\/\/reisenundsprachen.de\/wp-content\/uploads\/2015\/01\/BMU-Dessau-23kleiner-300x128.jpg 300w, https:\/\/reisenundsprachen.de\/wp-content\/uploads\/2015\/01\/BMU-Dessau-23kleiner-1024x438.jpg 1024w, https:\/\/reisenundsprachen.de\/wp-content\/uploads\/2015\/01\/BMU-Dessau-23kleiner-676x289.jpg 676w\" sizes=\"auto, (max-width: 300px) 100vw, 300px\" \/><\/a><p id=\"caption-attachment-158\" class=\"wp-caption-text\">Interpretaci\u00f3n de alem\u00e1n y espa\u00f1ol en Dresde, Alemania y Europa.<\/p><\/div><\/li>\n<li>\n<h2><strong><a href=\"https:\/\/reisenundsprachen.de\/es\/profesor-de-idiomas\/\">Gu\u00eda de Dresde<\/a><\/strong><\/h2>\n<p>En alem\u00e1n, espa\u00f1ol e ingl\u00e9s. Muchos <span id=\"result_box\" class=\"short_text\" lang=\"es\"><span class=\"hps\">a\u00f1o<\/span><\/span>s de experiencia.<\/li>\n<\/ul>\n<div id=\"attachment_988\" style=\"width: 191px\" class=\"wp-caption aligncenter\"><img loading=\"lazy\" decoding=\"async\" aria-describedby=\"caption-attachment-988\" class=\"wp-image-988 size-medium\" src=\"http:\/\/reisenundsprachen.de\/wp-content\/uploads\/2016\/01\/Reiseleiter-und-Gruppe-am-Cholerabrunnen-in-Dresden.-181x300.jpg\" alt=\"El fuente &quot;Cholerabrunnen&quot; en Dresden. Mobil: +49 (0)176 \u2013 81 787 643 E-Mail: info@reisenundsprachen.de\" width=\"181\" height=\"300\" srcset=\"https:\/\/reisenundsprachen.de\/wp-content\/uploads\/2016\/01\/Reiseleiter-und-Gruppe-am-Cholerabrunnen-in-Dresden.-181x300.jpg 181w, https:\/\/reisenundsprachen.de\/wp-content\/uploads\/2016\/01\/Reiseleiter-und-Gruppe-am-Cholerabrunnen-in-Dresden.-768x1274.jpg 768w, https:\/\/reisenundsprachen.de\/wp-content\/uploads\/2016\/01\/Reiseleiter-und-Gruppe-am-Cholerabrunnen-in-Dresden.-617x1024.jpg 617w, https:\/\/reisenundsprachen.de\/wp-content\/uploads\/2016\/01\/Reiseleiter-und-Gruppe-am-Cholerabrunnen-in-Dresden.-676x1121.jpg 676w, https:\/\/reisenundsprachen.de\/wp-content\/uploads\/2016\/01\/Reiseleiter-und-Gruppe-am-Cholerabrunnen-in-Dresden..jpg 1064w\" sizes=\"auto, (max-width: 181px) 100vw, 181px\" \/><p id=\"caption-attachment-988\" class=\"wp-caption-text\">Bj\u00f6rn Jansen &#8211; su Gu\u00eda en Dresde<\/p><\/div>\n<ul>\n<li>\n<h2><a title=\"Reiseleiter und Reisebegleiter\" href=\"http:\/\/reisenundsprachen.de\/reiseleiter-und-reisebegleiter\/\"><strong>Gu\u00eda de viaje<\/strong><\/a><\/h2>\n<p>Gu\u00eda de viaje para viajes de aventura, viajes activos, excursiones en autob\u00fas, viajes individuales y viajes de grupo. Muchos <span id=\"result_box\" class=\"short_text\" lang=\"es\"><span class=\"hps\">a\u00f1o<\/span><\/span>s de experiencia internacional.<\/p>\n<p><div id=\"attachment_413\" style=\"width: 310px\" class=\"wp-caption aligncenter\"><a href=\"http:\/\/reisenundsprachen.de\/wp-content\/uploads\/2015\/04\/An-den-Fumarolen-vom-Vulcano..jpg\"><img loading=\"lazy\" decoding=\"async\" aria-describedby=\"caption-attachment-413\" class=\"size-medium wp-image-413\" src=\"http:\/\/reisenundsprachen.de\/wp-content\/uploads\/2015\/04\/An-den-Fumarolen-vom-Vulcano.-300x225.jpg\" alt=\"Excursi\u00f3n a Italia.\" width=\"300\" height=\"225\" srcset=\"https:\/\/reisenundsprachen.de\/wp-content\/uploads\/2015\/04\/An-den-Fumarolen-vom-Vulcano.-300x225.jpg 300w, https:\/\/reisenundsprachen.de\/wp-content\/uploads\/2015\/04\/An-den-Fumarolen-vom-Vulcano.-1024x768.jpg 1024w, https:\/\/reisenundsprachen.de\/wp-content\/uploads\/2015\/04\/An-den-Fumarolen-vom-Vulcano.-676x507.jpg 676w, https:\/\/reisenundsprachen.de\/wp-content\/uploads\/2015\/04\/An-den-Fumarolen-vom-Vulcano..jpg 1200w\" sizes=\"auto, (max-width: 300px) 100vw, 300px\" \/><\/a><p id=\"caption-attachment-413\" class=\"wp-caption-text\">Vulcano &#8211; este volc\u00e1n dio el nombre a todos los volcanes.<\/p><\/div><\/li>\n<li>\n<h2><a title=\"Reiseleiter und Reisebegleiter\" href=\"http:\/\/reisenundsprachen.de\/reiseleiter-und-reisebegleiter\/\"><strong>Visitas guiadas individuales o de grupo en Dresde y sus alrededores<\/strong><\/a><\/h2>\n<\/li>\n<li>\n<p><div id=\"attachment_395\" style=\"width: 229px\" class=\"wp-caption aligncenter\"><a href=\"http:\/\/reisenundsprachen.de\/wp-content\/uploads\/2015\/04\/Kulinarisch-kulturelle-Stadtf\u00fchrung-in-Dresden1.jpg\"><img loading=\"lazy\" decoding=\"async\" aria-describedby=\"caption-attachment-395\" class=\"size-medium wp-image-395\" src=\"http:\/\/reisenundsprachen.de\/wp-content\/uploads\/2015\/04\/Kulinarisch-kulturelle-Stadtf\u00fchrung-in-Dresden1-219x300.jpg\" alt=\"Guia en Dresde, Alemania y Europa.\" width=\"219\" height=\"300\" srcset=\"https:\/\/reisenundsprachen.de\/wp-content\/uploads\/2015\/04\/Kulinarisch-kulturelle-Stadtf\u00fchrung-in-Dresden1-219x300.jpg 219w, https:\/\/reisenundsprachen.de\/wp-content\/uploads\/2015\/04\/Kulinarisch-kulturelle-Stadtf\u00fchrung-in-Dresden1-748x1024.jpg 748w, https:\/\/reisenundsprachen.de\/wp-content\/uploads\/2015\/04\/Kulinarisch-kulturelle-Stadtf\u00fchrung-in-Dresden1-676x926.jpg 676w, https:\/\/reisenundsprachen.de\/wp-content\/uploads\/2015\/04\/Kulinarisch-kulturelle-Stadtf\u00fchrung-in-Dresden1.jpg 752w\" sizes=\"auto, (max-width: 219px) 100vw, 219px\" \/><\/a><p id=\"caption-attachment-395\" class=\"wp-caption-text\">La Frauenkirche &#8211; el coraz\u00f3n de Dresde.<\/p><\/div><\/li>\n<\/ul>\n<h2>Contacto<\/h2>\n<p lang=\"es-ES\"><a title=\"Contacto\" href=\"https:\/\/reisenundsprachen.de\/es\/contacto\/\">No dude en ponerse en contacto conmigo para recibir cualquier tipo de informaci\u00f3n<\/a>.<\/p>\n<p lang=\"es-ES\">Mobil: +49 (0)176 \u2013\u00a0 81 787 643<br \/>\nE-Mail: <a title=\"Infos und Anfragen\" href=\"mailto:info@reisenundsprachen.de\" target=\"_blank\" rel=\"noopener\">info@reisenundsprachen.de<\/a><\/p>\n<p>&nbsp;<\/p>\n","protected":false},"excerpt":{"rendered":"<p>Bienvenido a la p\u00e1gina Reisen und Sprachen (viajes e idiomas) En las siguientes p\u00e1ginas pueden informarse sobre mis servicios y ofertas: Traductor Traductor para la industria, la ciencia y el turismo. Muchos a\u00f1os de experiencia internacional. Int\u00e9rprete Int\u00e9rprete para la industria, la ciencia y el turismo. Muchos a\u00f1os de experiencia internacional. Gu\u00eda de Dresde En [&hellip;]<\/p>\n","protected":false},"author":1,"featured_media":0,"parent":0,"menu_order":0,"comment_status":"closed","ping_status":"closed","template":"","meta":{"footnotes":""},"class_list":["post-17","page","type-page","status-publish","hentry","post-preview"],"yoast_head":"<!-- This site is optimized with the Yoast SEO plugin v26.5 - https:\/\/yoast.com\/wordpress\/plugins\/seo\/ -->\n<title>Traductor, int\u00e9rprete y gu\u00eda de viaje en Dresde.<\/title>\n<meta name=\"description\" content=\"Ofertas y soluciones en espa\u00f1ol, alem\u00e1n e ingl\u00e9s. Mobil: +49 (0)176 \u2013\u00a0 81 787 643 E-Mail: info@reisenundsprachen.de\" \/>\n<meta name=\"robots\" content=\"index, follow, max-snippet:-1, max-image-preview:large, max-video-preview:-1\" \/>\n<link rel=\"canonical\" href=\"https:\/\/reisenundsprachen.de\/es\/\" \/>\n<meta property=\"og:locale\" content=\"es_ES\" \/>\n<meta property=\"og:type\" content=\"article\" \/>\n<meta property=\"og:title\" content=\"Traductor, int\u00e9rprete y gu\u00eda de viaje en Dresde.\" \/>\n<meta property=\"og:description\" content=\"Ofertas y soluciones en espa\u00f1ol, alem\u00e1n e ingl\u00e9s. Mobil: +49 (0)176 \u2013\u00a0 81 787 643 E-Mail: info@reisenundsprachen.de\" \/>\n<meta property=\"og:url\" content=\"https:\/\/reisenundsprachen.de\/es\/\" \/>\n<meta property=\"og:site_name\" content=\"Reisen und Sprachen\" \/>\n<meta property=\"article:modified_time\" content=\"2021-05-31T15:45:40+00:00\" \/>\n<meta property=\"og:image\" content=\"http:\/\/reisenundsprachen.de\/wp-content\/uploads\/2015\/01\/BMU-Dessau-23kleiner-300x128.jpg\" \/>\n<meta name=\"twitter:card\" content=\"summary_large_image\" \/>\n<meta name=\"twitter:label1\" content=\"Tiempo de lectura\" \/>\n\t<meta name=\"twitter:data1\" content=\"1 minuto\" \/>\n<script type=\"application\/ld+json\" class=\"yoast-schema-graph\">{\"@context\":\"https:\/\/schema.org\",\"@graph\":[{\"@type\":\"WebPage\",\"@id\":\"https:\/\/reisenundsprachen.de\/es\/\",\"url\":\"https:\/\/reisenundsprachen.de\/es\/\",\"name\":\"Traductor, int\u00e9rprete y gu\u00eda de viaje en Dresde.\",\"isPartOf\":{\"@id\":\"https:\/\/reisenundsprachen.de\/#website\"},\"primaryImageOfPage\":{\"@id\":\"https:\/\/reisenundsprachen.de\/es\/#primaryimage\"},\"image\":{\"@id\":\"https:\/\/reisenundsprachen.de\/es\/#primaryimage\"},\"thumbnailUrl\":\"http:\/\/reisenundsprachen.de\/wp-content\/uploads\/2015\/01\/BMU-Dessau-23kleiner-300x128.jpg\",\"datePublished\":\"2021-01-29T12:04:07+00:00\",\"dateModified\":\"2021-05-31T15:45:40+00:00\",\"description\":\"Ofertas y soluciones en espa\u00f1ol, alem\u00e1n e ingl\u00e9s. Mobil: +49 (0)176 \u2013\u00a0 81 787 643 E-Mail: info@reisenundsprachen.de\",\"breadcrumb\":{\"@id\":\"https:\/\/reisenundsprachen.de\/es\/#breadcrumb\"},\"inLanguage\":\"es\",\"potentialAction\":[{\"@type\":\"ReadAction\",\"target\":[\"https:\/\/reisenundsprachen.de\/es\/\"]}]},{\"@type\":\"ImageObject\",\"inLanguage\":\"es\",\"@id\":\"https:\/\/reisenundsprachen.de\/es\/#primaryimage\",\"url\":\"http:\/\/reisenundsprachen.de\/wp-content\/uploads\/2015\/01\/BMU-Dessau-23kleiner-300x128.jpg\",\"contentUrl\":\"http:\/\/reisenundsprachen.de\/wp-content\/uploads\/2015\/01\/BMU-Dessau-23kleiner-300x128.jpg\"},{\"@type\":\"BreadcrumbList\",\"@id\":\"https:\/\/reisenundsprachen.de\/es\/#breadcrumb\",\"itemListElement\":[{\"@type\":\"ListItem\",\"position\":1,\"name\":\"Home\",\"item\":\"https:\/\/reisenundsprachen.de\/es\/\"},{\"@type\":\"ListItem\",\"position\":2,\"name\":\"Home\"}]},{\"@type\":\"WebSite\",\"@id\":\"https:\/\/reisenundsprachen.de\/#website\",\"url\":\"https:\/\/reisenundsprachen.de\/\",\"name\":\"Reisen und Sprachen\",\"description\":\"Durch Reisen und Sprachen die Welt verstehen\",\"publisher\":{\"@id\":\"https:\/\/reisenundsprachen.de\/#\/schema\/person\/cf3789d48203f80dad806b9f590ad76c\"},\"potentialAction\":[{\"@type\":\"SearchAction\",\"target\":{\"@type\":\"EntryPoint\",\"urlTemplate\":\"https:\/\/reisenundsprachen.de\/?s={search_term_string}\"},\"query-input\":{\"@type\":\"PropertyValueSpecification\",\"valueRequired\":true,\"valueName\":\"search_term_string\"}}],\"inLanguage\":\"es\"},{\"@type\":[\"Person\",\"Organization\"],\"@id\":\"https:\/\/reisenundsprachen.de\/#\/schema\/person\/cf3789d48203f80dad806b9f590ad76c\",\"name\":\"Bj\u00f6rn Jansen\",\"logo\":{\"@id\":\"https:\/\/reisenundsprachen.de\/#\/schema\/person\/image\/\"},\"sameAs\":[\"http:\/\/reisenundsprachen.de\"]}]}<\/script>\n<!-- \/ Yoast SEO plugin. -->","yoast_head_json":{"title":"Traductor, int\u00e9rprete y gu\u00eda de viaje en Dresde.","description":"Ofertas y soluciones en espa\u00f1ol, alem\u00e1n e ingl\u00e9s. Mobil: +49 (0)176 \u2013\u00a0 81 787 643 E-Mail: info@reisenundsprachen.de","robots":{"index":"index","follow":"follow","max-snippet":"max-snippet:-1","max-image-preview":"max-image-preview:large","max-video-preview":"max-video-preview:-1"},"canonical":"https:\/\/reisenundsprachen.de\/es\/","og_locale":"es_ES","og_type":"article","og_title":"Traductor, int\u00e9rprete y gu\u00eda de viaje en Dresde.","og_description":"Ofertas y soluciones en espa\u00f1ol, alem\u00e1n e ingl\u00e9s. Mobil: +49 (0)176 \u2013\u00a0 81 787 643 E-Mail: info@reisenundsprachen.de","og_url":"https:\/\/reisenundsprachen.de\/es\/","og_site_name":"Reisen und Sprachen","article_modified_time":"2021-05-31T15:45:40+00:00","og_image":[{"url":"http:\/\/reisenundsprachen.de\/wp-content\/uploads\/2015\/01\/BMU-Dessau-23kleiner-300x128.jpg","type":"","width":"","height":""}],"twitter_card":"summary_large_image","twitter_misc":{"Tiempo de lectura":"1 minuto"},"schema":{"@context":"https:\/\/schema.org","@graph":[{"@type":"WebPage","@id":"https:\/\/reisenundsprachen.de\/es\/","url":"https:\/\/reisenundsprachen.de\/es\/","name":"Traductor, int\u00e9rprete y gu\u00eda de viaje en Dresde.","isPartOf":{"@id":"https:\/\/reisenundsprachen.de\/#website"},"primaryImageOfPage":{"@id":"https:\/\/reisenundsprachen.de\/es\/#primaryimage"},"image":{"@id":"https:\/\/reisenundsprachen.de\/es\/#primaryimage"},"thumbnailUrl":"http:\/\/reisenundsprachen.de\/wp-content\/uploads\/2015\/01\/BMU-Dessau-23kleiner-300x128.jpg","datePublished":"2021-01-29T12:04:07+00:00","dateModified":"2021-05-31T15:45:40+00:00","description":"Ofertas y soluciones en espa\u00f1ol, alem\u00e1n e ingl\u00e9s. Mobil: +49 (0)176 \u2013\u00a0 81 787 643 E-Mail: info@reisenundsprachen.de","breadcrumb":{"@id":"https:\/\/reisenundsprachen.de\/es\/#breadcrumb"},"inLanguage":"es","potentialAction":[{"@type":"ReadAction","target":["https:\/\/reisenundsprachen.de\/es\/"]}]},{"@type":"ImageObject","inLanguage":"es","@id":"https:\/\/reisenundsprachen.de\/es\/#primaryimage","url":"http:\/\/reisenundsprachen.de\/wp-content\/uploads\/2015\/01\/BMU-Dessau-23kleiner-300x128.jpg","contentUrl":"http:\/\/reisenundsprachen.de\/wp-content\/uploads\/2015\/01\/BMU-Dessau-23kleiner-300x128.jpg"},{"@type":"BreadcrumbList","@id":"https:\/\/reisenundsprachen.de\/es\/#breadcrumb","itemListElement":[{"@type":"ListItem","position":1,"name":"Home","item":"https:\/\/reisenundsprachen.de\/es\/"},{"@type":"ListItem","position":2,"name":"Home"}]},{"@type":"WebSite","@id":"https:\/\/reisenundsprachen.de\/#website","url":"https:\/\/reisenundsprachen.de\/","name":"Reisen und Sprachen","description":"Durch Reisen und Sprachen die Welt verstehen","publisher":{"@id":"https:\/\/reisenundsprachen.de\/#\/schema\/person\/cf3789d48203f80dad806b9f590ad76c"},"potentialAction":[{"@type":"SearchAction","target":{"@type":"EntryPoint","urlTemplate":"https:\/\/reisenundsprachen.de\/?s={search_term_string}"},"query-input":{"@type":"PropertyValueSpecification","valueRequired":true,"valueName":"search_term_string"}}],"inLanguage":"es"},{"@type":["Person","Organization"],"@id":"https:\/\/reisenundsprachen.de\/#\/schema\/person\/cf3789d48203f80dad806b9f590ad76c","name":"Bj\u00f6rn Jansen","logo":{"@id":"https:\/\/reisenundsprachen.de\/#\/schema\/person\/image\/"},"sameAs":["http:\/\/reisenundsprachen.de"]}]}},"_links":{"self":[{"href":"https:\/\/reisenundsprachen.de\/es\/wp-json\/wp\/v2\/pages\/17\/"}],"collection":[{"href":"https:\/\/reisenundsprachen.de\/es\/wp-json\/wp\/v2\/pages\/"}],"about":[{"href":"https:\/\/reisenundsprachen.de\/es\/wp-json\/wp\/v2\/types\/page\/"}],"author":[{"embeddable":true,"href":"https:\/\/reisenundsprachen.de\/es\/wp-json\/wp\/v2\/users\/1\/"}],"replies":[{"embeddable":true,"href":"https:\/\/reisenundsprachen.de\/es\/wp-json\/wp\/v2\/comments\/?post=17"}],"version-history":[{"count":17,"href":"https:\/\/reisenundsprachen.de\/es\/wp-json\/wp\/v2\/pages\/17\/revisions\/"}],"predecessor-version":[{"id":1486,"href":"https:\/\/reisenundsprachen.de\/es\/wp-json\/wp\/v2\/pages\/17\/revisions\/1486\/"}],"wp:attachment":[{"href":"https:\/\/reisenundsprachen.de\/es\/wp-json\/wp\/v2\/media\/?parent=17"}],"curies":[{"name":"wp","href":"https:\/\/api.w.org\/{rel}","templated":true}]}}