{"id":192,"date":"2021-03-26T10:21:20","date_gmt":"2021-03-26T09:21:20","guid":{"rendered":"http:\/\/reisenundsprachen.de\/?page_id=192"},"modified":"2021-05-31T17:42:17","modified_gmt":"2021-05-31T15:42:17","slug":"translator","status":"publish","type":"page","link":"https:\/\/reisenundsprachen.de\/en\/translator\/","title":{"rendered":"Translator"},"content":{"rendered":"<ul>\n<li>\n<h2><span lang=\"en\"><span id=\"result_box\" class=\"short_text\" lang=\"en\"><span class=\"hps\">Translator<\/span> <span class=\"hps\">in the i<\/span><\/span>ndustrial and technical area<\/span>:<\/h2>\n<\/li>\n<\/ul>\n<p><span lang=\"en\">The clients in this area are mainly from the automotive<\/span> and the shipbuilding sectors (Volkswagen AG, PSA Peugeot Citro\u00ebn, GKN Driveline, CTAG &#8211; Centro Tecnol\u00f3gico de Automoci\u00f3n de Galicia, Rodman Polyships S.A.).<\/p>\n<ul>\n<li>\n<h2><span lang=\"en\"><span id=\"result_box\" class=\"short_text\" lang=\"en\"><span class=\"hps\">Translator<\/span> <span class=\"hps\">in the<\/span><\/span><\/span> touristic area:<\/h2>\n<\/li>\n<\/ul>\n<p>In<span lang=\"en\"> this area<\/span> I translate texts for hotels, restaurants, museums, other tourist organisations and more.<\/p>\n<h3>Contact:<\/h3>\n<p><a title=\"Contact\" href=\"https:\/\/reisenundsprachen.de\/en\/contact\/\">P<span lang=\"en\">lease contact me for any kind of request: click here!<\/span><\/a><\/p>\n<p>Mobil: +49 (0)176 \u2013\u00a0 81 787 643<br \/>\nE-Mail: <a title=\"Infos und Anfragen\" href=\"mailto:info@reisenundsprachen.de\" target=\"_blank\" rel=\"noopener\">info@reisenundsprachen.de<\/a><\/p>\n","protected":false},"excerpt":{"rendered":"<p>Translator in the industrial and technical area: The clients in this area are mainly from the automotive and the shipbuilding sectors (Volkswagen AG, PSA Peugeot Citro\u00ebn, GKN Driveline, CTAG &#8211; Centro Tecnol\u00f3gico de Automoci\u00f3n de Galicia, Rodman Polyships S.A.). Translator in the touristic area: In this area I translate texts for hotels, restaurants, museums, other [&hellip;]<\/p>\n","protected":false},"author":1,"featured_media":0,"parent":0,"menu_order":0,"comment_status":"closed","ping_status":"closed","template":"","meta":{"footnotes":""},"class_list":["post-192","page","type-page","status-publish","hentry","post-preview"],"yoast_head":"<!-- This site is optimized with the Yoast SEO plugin v26.5 - https:\/\/yoast.com\/wordpress\/plugins\/seo\/ -->\n<title>Translations in English, Spanish and German.<\/title>\n<meta name=\"description\" content=\"Translator for English, Spanish and German. My translations are quickly and reliably.\" \/>\n<meta name=\"robots\" content=\"index, follow, max-snippet:-1, max-image-preview:large, max-video-preview:-1\" \/>\n<link rel=\"canonical\" href=\"https:\/\/reisenundsprachen.de\/en\/translator\/\" \/>\n<meta property=\"og:locale\" content=\"en_US\" \/>\n<meta property=\"og:type\" content=\"article\" \/>\n<meta property=\"og:title\" content=\"Translations in English, Spanish and German.\" \/>\n<meta property=\"og:description\" content=\"Translator for English, Spanish and German. My translations are quickly and reliably.\" \/>\n<meta property=\"og:url\" content=\"https:\/\/reisenundsprachen.de\/en\/translator\/\" \/>\n<meta property=\"og:site_name\" content=\"Travel &amp; Languages\" \/>\n<meta property=\"article:modified_time\" content=\"2021-05-31T15:42:17+00:00\" \/>\n<meta name=\"twitter:card\" content=\"summary_large_image\" \/>\n<script type=\"application\/ld+json\" class=\"yoast-schema-graph\">{\"@context\":\"https:\/\/schema.org\",\"@graph\":[{\"@type\":\"WebPage\",\"@id\":\"https:\/\/reisenundsprachen.de\/en\/translator\/\",\"url\":\"https:\/\/reisenundsprachen.de\/en\/translator\/\",\"name\":\"Translations in English, Spanish and German.\",\"isPartOf\":{\"@id\":\"https:\/\/reisenundsprachen.de\/#website\"},\"datePublished\":\"2021-03-26T09:21:20+00:00\",\"dateModified\":\"2021-05-31T15:42:17+00:00\",\"description\":\"Translator for English, Spanish and German. My translations are quickly and reliably.\",\"breadcrumb\":{\"@id\":\"https:\/\/reisenundsprachen.de\/en\/translator\/#breadcrumb\"},\"inLanguage\":\"en-US\",\"potentialAction\":[{\"@type\":\"ReadAction\",\"target\":[\"https:\/\/reisenundsprachen.de\/en\/translator\/\"]}]},{\"@type\":\"BreadcrumbList\",\"@id\":\"https:\/\/reisenundsprachen.de\/en\/translator\/#breadcrumb\",\"itemListElement\":[{\"@type\":\"ListItem\",\"position\":1,\"name\":\"Home\",\"item\":\"https:\/\/reisenundsprachen.de\/en\/\"},{\"@type\":\"ListItem\",\"position\":2,\"name\":\"Translator\"}]},{\"@type\":\"WebSite\",\"@id\":\"https:\/\/reisenundsprachen.de\/#website\",\"url\":\"https:\/\/reisenundsprachen.de\/\",\"name\":\"Reisen und Sprachen\",\"description\":\"Understanding the world by traveling and through language\",\"publisher\":{\"@id\":\"https:\/\/reisenundsprachen.de\/#\/schema\/person\/cf3789d48203f80dad806b9f590ad76c\"},\"potentialAction\":[{\"@type\":\"SearchAction\",\"target\":{\"@type\":\"EntryPoint\",\"urlTemplate\":\"https:\/\/reisenundsprachen.de\/?s={search_term_string}\"},\"query-input\":{\"@type\":\"PropertyValueSpecification\",\"valueRequired\":true,\"valueName\":\"search_term_string\"}}],\"inLanguage\":\"en-US\"},{\"@type\":[\"Person\",\"Organization\"],\"@id\":\"https:\/\/reisenundsprachen.de\/#\/schema\/person\/cf3789d48203f80dad806b9f590ad76c\",\"name\":\"Bj\u00f6rn Jansen\",\"logo\":{\"@id\":\"https:\/\/reisenundsprachen.de\/#\/schema\/person\/image\/\"},\"sameAs\":[\"http:\/\/reisenundsprachen.de\"]}]}<\/script>\n<!-- \/ Yoast SEO plugin. -->","yoast_head_json":{"title":"Translations in English, Spanish and German.","description":"Translator for English, Spanish and German. My translations are quickly and reliably.","robots":{"index":"index","follow":"follow","max-snippet":"max-snippet:-1","max-image-preview":"max-image-preview:large","max-video-preview":"max-video-preview:-1"},"canonical":"https:\/\/reisenundsprachen.de\/en\/translator\/","og_locale":"en_US","og_type":"article","og_title":"Translations in English, Spanish and German.","og_description":"Translator for English, Spanish and German. My translations are quickly and reliably.","og_url":"https:\/\/reisenundsprachen.de\/en\/translator\/","og_site_name":"Travel &amp; Languages","article_modified_time":"2021-05-31T15:42:17+00:00","twitter_card":"summary_large_image","schema":{"@context":"https:\/\/schema.org","@graph":[{"@type":"WebPage","@id":"https:\/\/reisenundsprachen.de\/en\/translator\/","url":"https:\/\/reisenundsprachen.de\/en\/translator\/","name":"Translations in English, Spanish and German.","isPartOf":{"@id":"https:\/\/reisenundsprachen.de\/#website"},"datePublished":"2021-03-26T09:21:20+00:00","dateModified":"2021-05-31T15:42:17+00:00","description":"Translator for English, Spanish and German. My translations are quickly and reliably.","breadcrumb":{"@id":"https:\/\/reisenundsprachen.de\/en\/translator\/#breadcrumb"},"inLanguage":"en-US","potentialAction":[{"@type":"ReadAction","target":["https:\/\/reisenundsprachen.de\/en\/translator\/"]}]},{"@type":"BreadcrumbList","@id":"https:\/\/reisenundsprachen.de\/en\/translator\/#breadcrumb","itemListElement":[{"@type":"ListItem","position":1,"name":"Home","item":"https:\/\/reisenundsprachen.de\/en\/"},{"@type":"ListItem","position":2,"name":"Translator"}]},{"@type":"WebSite","@id":"https:\/\/reisenundsprachen.de\/#website","url":"https:\/\/reisenundsprachen.de\/","name":"Reisen und Sprachen","description":"Understanding the world by traveling and through language","publisher":{"@id":"https:\/\/reisenundsprachen.de\/#\/schema\/person\/cf3789d48203f80dad806b9f590ad76c"},"potentialAction":[{"@type":"SearchAction","target":{"@type":"EntryPoint","urlTemplate":"https:\/\/reisenundsprachen.de\/?s={search_term_string}"},"query-input":{"@type":"PropertyValueSpecification","valueRequired":true,"valueName":"search_term_string"}}],"inLanguage":"en-US"},{"@type":["Person","Organization"],"@id":"https:\/\/reisenundsprachen.de\/#\/schema\/person\/cf3789d48203f80dad806b9f590ad76c","name":"Bj\u00f6rn Jansen","logo":{"@id":"https:\/\/reisenundsprachen.de\/#\/schema\/person\/image\/"},"sameAs":["http:\/\/reisenundsprachen.de"]}]}},"_links":{"self":[{"href":"https:\/\/reisenundsprachen.de\/en\/wp-json\/wp\/v2\/pages\/192\/"}],"collection":[{"href":"https:\/\/reisenundsprachen.de\/en\/wp-json\/wp\/v2\/pages\/"}],"about":[{"href":"https:\/\/reisenundsprachen.de\/en\/wp-json\/wp\/v2\/types\/page\/"}],"author":[{"embeddable":true,"href":"https:\/\/reisenundsprachen.de\/en\/wp-json\/wp\/v2\/users\/1\/"}],"replies":[{"embeddable":true,"href":"https:\/\/reisenundsprachen.de\/en\/wp-json\/wp\/v2\/comments\/?post=192"}],"version-history":[{"count":8,"href":"https:\/\/reisenundsprachen.de\/en\/wp-json\/wp\/v2\/pages\/192\/revisions\/"}],"predecessor-version":[{"id":1480,"href":"https:\/\/reisenundsprachen.de\/en\/wp-json\/wp\/v2\/pages\/192\/revisions\/1480\/"}],"wp:attachment":[{"href":"https:\/\/reisenundsprachen.de\/en\/wp-json\/wp\/v2\/media\/?parent=192"}],"curies":[{"name":"wp","href":"https:\/\/api.w.org\/{rel}","templated":true}]}}